{"id":13,"date":"2020-04-28T14:15:48","date_gmt":"2020-04-28T14:15:48","guid":{"rendered":"http:\/\/geraldzagler.net\/?page_id=13"},"modified":"2023-03-18T14:10:06","modified_gmt":"2023-03-18T14:10:06","slug":"projekte","status":"publish","type":"page","link":"http:\/\/geraldzagler.net\/?page_id=13","title":{"rendered":"Projekte"},"content":{"rendered":"\t\t<div data-elementor-type=\"wp-page\" data-elementor-id=\"13\" class=\"elementor elementor-13\">\n\t\t\t\t\t\t\t\t\t<section class=\"elementor-section elementor-top-section elementor-element elementor-element-2ca49be1 elementor-section-boxed elementor-section-height-default elementor-section-height-default\" data-id=\"2ca49be1\" data-element_type=\"section\">\n\t\t\t\t\t\t<div class=\"elementor-container elementor-column-gap-default\">\n\t\t\t\t\t<div class=\"elementor-column elementor-col-100 elementor-top-column elementor-element elementor-element-4e25d1f6\" data-id=\"4e25d1f6\" data-element_type=\"column\">\n\t\t\t<div class=\"elementor-widget-wrap elementor-element-populated\">\n\t\t\t\t\t\t\t\t<div class=\"elementor-element elementor-element-18580e07 elementor-widget elementor-widget-text-editor\" data-id=\"18580e07\" data-element_type=\"widget\" data-widget_type=\"text-editor.default\">\n\t\t\t\t<div class=\"elementor-widget-container\">\n\t\t\t\t\t\t\t<p><!-- wp:paragraph --><\/p>\n<p>2021 &#8211; <strong>LOAM. Re: Tonindustrie Scheibbs<\/strong><br \/>Kurator Ausstellung im Keramikmuseum Scheibbs mit Uli Aigner, Clemens Auer, Ines Hochgerner, Yuki Higashino, Kristin Weissenberger. Viertelfestival Nieder\u00f6sterreich.\u00a0mehr &gt;&gt;&gt;<\/p>\n<p><!-- \/wp:paragraph --><\/p>\n<p><!-- wp:paragraph --><\/p>\n<p>2018 &#8211; <strong>Gebaute Zukunft. Karl Schwanzer in St. P\u00f6lten<\/strong><br \/>Ausstellung zum 100. Geburtstag des \u00d6sterreichischen Architekten Karl Schwanzer \u2013 Kurator, Konzept, Projektentwicklung in Zusammenarbeit mit dem Stadtmuseum St. P\u00f6lten<br \/><a href=\"http:\/\/geraldzagler.net\/?page_id=58\">mehr &gt;&gt;&gt;<\/a><\/p>\n<p><!-- \/wp:paragraph --><\/p>\n<p><!-- wp:paragraph --><\/p>\n<p>2017 &#8211; <strong>It\u2019s All About\u2002Fish<\/strong><br \/>Dokumentation \u00d6sterreich\/F\u00e4r\u00f6er Inseln 2017. Kamera, Produktionsassistenz und Co-Regie. <a href=\"http:\/\/geraldzagler.net\/?page_id=90\">mehr &gt;&gt;&gt;<\/a><\/p>\n<p><!-- \/wp:paragraph --><\/p>\n<p><!-- wp:paragraph --><\/p>\n<p>seit 2016 &#8211; <strong>INTERTONALE\u2002\u2013\u2002Symposium f\u00fcr Musik und Diskurs<\/strong><br \/>Konzept, Projektentwicklung, Projektleitung. Iniziiert im Rahmen des Viertelfestival Nieder\u00f6sterreich 2016. Mit Lukas K\u00f6nig, Kaja Draksler, Mira Lu Kovacs, Leyya, Elektro Guzzi, Christian Lillinger, Rojin Sharafi, Oehl, Maximilian Walch, u.a. <a href=\"http:\/\/www.intertonale.at\" target=\"_blank\" rel=\"noreferrer noopener\">mehr &gt;&gt;&gt; <\/a><\/p>\n<p><!-- \/wp:paragraph --><\/p>\n<p><!-- wp:paragraph --><\/p>\n<p>2015 &#8211; <strong>Raumg\u2019f\u00fchl<\/strong><br \/>Partizipative Stadtgestaltung. Konzept und Projektkoordination, Workshopleitung; in Kooperation mit iOn-Art und Land Nieder\u00f6sterreich <a href=\"http:\/\/geraldzagler.net\/wp-admin\/post.php?post=96&amp;action=edit\">mehr &gt;&gt;&gt;<\/a><\/p>\n<p><!-- \/wp:paragraph --><\/p>\n<p><!-- wp:paragraph --><\/p>\n<p>2011 &#8211; <strong>In\u2002Situ. Power\u2002To\u2002The\u2002Powder\u2002Tower<\/strong><br \/>Ausstellung mit Georg Feierfeil; Konzept, Text und k\u00fcnstlerische Arbeiten , in Zusammenarbeit mit dem Land Nieder\u00f6sterreich, der Stadt Scheibbs und Scheibbs.Impuls.Kultur<\/p>\n<p><!-- \/wp:paragraph --><\/p>\n<p><!-- wp:paragraph --><\/p>\n<p>seit 2010 <strong>Proberaum Aktionstage<\/strong><br \/>j\u00e4hrliche Workshopreihe zu Kunst, Handwerk und Musik; Organisation in Kooperation mit u.a. der Universit\u00e4t f\u00fcr Angewandte Kunst und Land Nieder\u00f6sterreich <a href=\"http:\/\/www.proberaumscheibbs.com\/aktionstage\" target=\"_blank\" rel=\"noreferrer noopener\">mehr &gt;&gt;&gt;<\/a><\/p>\n<p><!-- \/wp:paragraph --><\/p>\t\t\t\t\t\t<\/div>\n\t\t\t\t<\/div>\n\t\t\t\t\t<\/div>\n\t\t<\/div>\n\t\t\t\t\t\t\t<\/div>\n\t\t<\/section>\n\t\t\t\t\t\t\t<\/div>\n\t\t","protected":false},"excerpt":{"rendered":"<p>2021 &#8211; LOAM. Re: Tonindustrie ScheibbsKurator Ausstellung im Keramikmuseum Scheibbs mit Uli Aigner, Clemens Auer, Ines Hochgerner, Yuki Higashino, Kristin Weissenberger. Viertelfestival Nieder\u00f6sterreich.\u00a0mehr &gt;&gt;&gt; 2018 &#8211; Gebaute Zukunft. Karl Schwanzer in St. P\u00f6ltenAusstellung zum 100. Geburtstag des \u00d6sterreichischen Architekten Karl Schwanzer \u2013 Kurator, Konzept, Projektentwicklung in Zusammenarbeit mit dem Stadtmuseum St. P\u00f6ltenmehr &gt;&gt;&gt; 2017 &#8211; &hellip; <a href=\"http:\/\/geraldzagler.net\/?page_id=13\" class=\"more-link\">Continue reading<span class=\"screen-reader-text\"> &#8220;Projekte&#8221;<\/span><\/a><\/p>\n","protected":false},"author":1,"featured_media":0,"parent":0,"menu_order":0,"comment_status":"closed","ping_status":"closed","template":"","meta":{"footnotes":""},"_links":{"self":[{"href":"http:\/\/geraldzagler.net\/index.php?rest_route=\/wp\/v2\/pages\/13"}],"collection":[{"href":"http:\/\/geraldzagler.net\/index.php?rest_route=\/wp\/v2\/pages"}],"about":[{"href":"http:\/\/geraldzagler.net\/index.php?rest_route=\/wp\/v2\/types\/page"}],"author":[{"embeddable":true,"href":"http:\/\/geraldzagler.net\/index.php?rest_route=\/wp\/v2\/users\/1"}],"replies":[{"embeddable":true,"href":"http:\/\/geraldzagler.net\/index.php?rest_route=%2Fwp%2Fv2%2Fcomments&post=13"}],"version-history":[{"count":17,"href":"http:\/\/geraldzagler.net\/index.php?rest_route=\/wp\/v2\/pages\/13\/revisions"}],"predecessor-version":[{"id":282,"href":"http:\/\/geraldzagler.net\/index.php?rest_route=\/wp\/v2\/pages\/13\/revisions\/282"}],"wp:attachment":[{"href":"http:\/\/geraldzagler.net\/index.php?rest_route=%2Fwp%2Fv2%2Fmedia&parent=13"}],"curies":[{"name":"wp","href":"https:\/\/api.w.org\/{rel}","templated":true}]}}