{"id":2,"date":"2020-04-28T13:52:43","date_gmt":"2020-04-28T13:52:43","guid":{"rendered":"http:\/\/geraldzagler.net\/?page_id=2"},"modified":"2023-03-08T15:49:51","modified_gmt":"2023-03-08T15:49:51","slug":"bio","status":"publish","type":"page","link":"http:\/\/geraldzagler.net\/?page_id=2","title":{"rendered":"CV"},"content":{"rendered":"\n<p>geb. in Scheibbs, Nieder\u00f6sterreich. Kulturschaffender, Kurator, Filmemacher <\/p>\n\n\n\n<p><strong>Ausbildung<\/strong><\/p>\n\n\n\n<p>2015 bis 2016 &#8211; Universit\u00e4tslehrgang Ausstellungsdesign und \u2013management, Donauuniversit\u00e4t Krems<\/p>\n\n\n\n<p>2002 bis 2011 &#8211; Studium der Kunstgeschichte an der Universit\u00e4t Wien mit Schwerpunkt auf moderner und zeitgen\u00f6ssischer Kunst. Spanisch und Geschichte als Wahlf\u00e4cher. Aufenthalte in Saragossa, Spanien \/ Bristol, GB \/ Caracas, Venezuela. Abschluss mit Diplomarbeit zum Thema <a rel=\"noreferrer noopener\" href=\"http:\/\/othes.univie.ac.at\/13865\/\" target=\"_blank\">Gegenkultur in der bildenden Kunst des 20. und 21. Jahrhunderts<\/a><\/p>\n\n\n\n<p><strong>Publikationen<\/strong><\/p>\n\n\n\n<p>2015 bis 2018 &#8211; <strong>\u201eDer\u2002Standard-Player\u201d<\/strong> f\u00fcr derStandard.at \/ Videoproduktion, MusikerInnen zu Gast in der Redaktion des Standard, mit Lee Ronaldo (Sonic Youth), Seasick Steve, Amanda Palmer, Avec, Leyya, Koenig, Clara Luzia, Ankathie Koy, uvm.<br><a href=\"https:\/\/youtu.be\/Qxr7LtlkaC0\" target=\"_blank\" rel=\"noreferrer noopener\">Lee Ronaldo &#8211; Marrocan Mountains im Standard Player, Dezember 2016<\/a><\/p>\n\n\n\n<p>2016 &#8211; <strong>\u201eJedermann\u2002f\u00fcr\u2002Jedermann\u201c<\/strong> \/ Videoprojekt mit Schauspieler Philipp Hochmair, Kulturminister Thomas Drozda und Lisa Nimmervoll anl\u00e4sslich der Standard 2+1 Sommergespr\u00e4che, derStandard.at 14.8.2016 \/ Link: <a href=\"https:\/\/youtu.be\/NbFuwHTBWRI\">https:\/\/youtu.be\/NbFuwHTBWRI<\/a><\/p>\n\n\n\n<p>2015 &#8211; <strong>\u201eBefehl\u2002von\u2002oben:\u2002Fischbach\u2002ist\u2002einzunehmen\u201c<\/strong> \/ Videointerview f\u00fcr die Schwerpunktausgabe \u201e70 Jahre Zweite Republik\u201c mit den Historikern Oliver Rathkolb und Manfried Rauchensteiner sowie Klaus Taschwer, derStandard.at 26.4.2015 \/ Link: <a href=\"https:\/\/www.derstandard.at\/story\/2000014819157\/befehl-von-oben-fischbach-ist-einzunehmen\">https:\/\/www.derstandard.at\/story\/2000014819157\/befehl-von-oben-fischbach-ist-einzunehmen<\/a><\/p>\n\n\n\n<p>2013 &#8211; <strong>\u201eBest\u2002Festival\u2002In Austria\u201c<\/strong> \/ Videobeitag mit K\u00fcnstler, Kurator und Medientheoretiker Peter Weibel am Donaufestival in Krems, Vienna Contemporary, 3.5.2013 \/ Link: <a href=\"https:\/\/viennacontemporarymag.com\/2013\/05\/03\/on-the-cutting-edge-peter-weibel-at-donaufestival-in-krems\/\">https:\/\/viennacontemporarymag.com\/2013\/05\/03\/on-the-cutting-edge-peter-weibel-at-donaufestival-in-krems\/<\/a><\/p>\n\n\n\n<p>2013 &#8211; <strong>\u201eA Triennial\u2002In\u2002Vienna\u2002Makes\u2002Sense\u201c<\/strong> \/ Interview mit MAK-Direktor Christoph Thun-Hohenstein, Vienna Contemporary, 21.2.2013 \/ Link: <a href=\"http:\/\/www.redost.com\/1\/texts\/interviews\/a-triennial-in-vienna-makes-sense\/\">http:\/\/www.redost.com\/1\/texts\/interviews\/a-triennial-in-vienna-makes-sense\/<\/a><\/p>\n\n\n\n<p>2012 &#8211; <strong>\u201eh.aus\u2002\u2013\u2002Kunst\u2002vorm Abriss\u201c<\/strong> \/ Vorwort im Ausstellungskatalog; Hg. Julia Tazreiter und Georg Feierfeil, Wien 2012<\/p>\n\n\n\n<p>2012 <strong>\u201eHans\u2002Robert\u2002Pippal\u2002und\u2002die\u2002Kunst\u2002am\u2002Bau\u201c<\/strong> \/ Wissenschaftliche Publikation; in Zusammenarbeit mit Univ.-Prof. Dr. Martina Pippal, Wien 2012<\/p>\n","protected":false},"excerpt":{"rendered":"<p>geb. in Scheibbs, Nieder\u00f6sterreich. Kulturschaffender, Kurator, Filmemacher Ausbildung 2015 bis 2016 &#8211; Universit\u00e4tslehrgang Ausstellungsdesign und \u2013management, Donauuniversit\u00e4t Krems 2002 bis 2011 &#8211; Studium der Kunstgeschichte an der Universit\u00e4t Wien mit Schwerpunkt auf moderner und zeitgen\u00f6ssischer Kunst. Spanisch und Geschichte als Wahlf\u00e4cher. Aufenthalte in Saragossa, Spanien \/ Bristol, GB \/ Caracas, Venezuela. Abschluss mit Diplomarbeit zum &hellip; <a href=\"http:\/\/geraldzagler.net\/?page_id=2\" class=\"more-link\">Continue reading<span class=\"screen-reader-text\"> &#8220;CV&#8221;<\/span><\/a><\/p>\n","protected":false},"author":1,"featured_media":0,"parent":0,"menu_order":0,"comment_status":"closed","ping_status":"closed","template":"","meta":{"footnotes":""},"_links":{"self":[{"href":"http:\/\/geraldzagler.net\/index.php?rest_route=\/wp\/v2\/pages\/2"}],"collection":[{"href":"http:\/\/geraldzagler.net\/index.php?rest_route=\/wp\/v2\/pages"}],"about":[{"href":"http:\/\/geraldzagler.net\/index.php?rest_route=\/wp\/v2\/types\/page"}],"author":[{"embeddable":true,"href":"http:\/\/geraldzagler.net\/index.php?rest_route=\/wp\/v2\/users\/1"}],"replies":[{"embeddable":true,"href":"http:\/\/geraldzagler.net\/index.php?rest_route=%2Fwp%2Fv2%2Fcomments&post=2"}],"version-history":[{"count":8,"href":"http:\/\/geraldzagler.net\/index.php?rest_route=\/wp\/v2\/pages\/2\/revisions"}],"predecessor-version":[{"id":273,"href":"http:\/\/geraldzagler.net\/index.php?rest_route=\/wp\/v2\/pages\/2\/revisions\/273"}],"wp:attachment":[{"href":"http:\/\/geraldzagler.net\/index.php?rest_route=%2Fwp%2Fv2%2Fmedia&parent=2"}],"curies":[{"name":"wp","href":"https:\/\/api.w.org\/{rel}","templated":true}]}}