{"id":90,"date":"2020-05-07T07:10:17","date_gmt":"2020-05-07T07:10:17","guid":{"rendered":"http:\/\/geraldzagler.net\/?page_id=90"},"modified":"2020-05-07T07:18:25","modified_gmt":"2020-05-07T07:18:25","slug":"its-all-about-fish","status":"publish","type":"page","link":"http:\/\/geraldzagler.net\/?page_id=90","title":{"rendered":"It&#8217;s All About Fish"},"content":{"rendered":"\n<p>Als die F\u00e4r\u00f6er Inseln in einem legend\u00e4ren Fu\u00dfballl\u00e4nderspiel am 12. September 1990 die \u00f6sterreichische Nationalmannschaft mit 1:0 schlugen, fand sich das winzige Land im Nordatlantik in kollektivem Taumel wieder. Die Sensation war perfekt. Die Profis der \u00f6sterreichische Nationalmannschaft waren gegen eine bunte Truppe aus Amateuren, Taxifahrer, Fischer und Schafhirten, die in ihrer Freizeit Fu\u00dfball spielten, untergegangen. <\/p>\n\n\n\n<figure class=\"wp-block-embed-youtube wp-block-embed is-type-video is-provider-youtube wp-embed-aspect-16-9 wp-has-aspect-ratio\"><div class=\"wp-block-embed__wrapper\">\n<iframe loading=\"lazy\" title=\"IT&#039;S ALL ABOUT FISH (IAAF) | Official Teaser\" width=\"840\" height=\"473\" src=\"https:\/\/www.youtube.com\/embed\/Q2Lsfyhk6bE?feature=oembed\" frameborder=\"0\" allow=\"accelerometer; autoplay; encrypted-media; gyroscope; picture-in-picture\" allowfullscreen><\/iframe>\n<\/div><figcaption>Teaser zu &#8220;It&#8217;s all about fish&#8221;, AT\/FO 2017<\/figcaption><\/figure>\n\n\n\n<p>Das kleine Inselvolk stand pl\u00f6tzlich im Rampenlicht der Welt\u00f6ffentlichkeit. Auf halbem Weg zwischen Gro\u00dfbritannien und Island gelegen, verbinden man die F\u00e4r\u00f6er Inseln untrennbar mit dem Sieg gegen \u00d6sterreich. Auf Seite der Verlierer sitzt der Stachel der Niederlage gegen den vermeintlichen Fu\u00dfballzwerg tief. Von der Schmach des Jahrhunderts war die Rede. F\u00fcr die f\u00e4r\u00f6ische Nation hingegen gilt das Spiel als Sternstunde. Denn dadurch fanden die F\u00e4r\u00f6er zu einem gest\u00e4rkten Selbstbewusstsein. Fu\u00dfball avancierte zum Nationalsport, Stadien wurden gebaut, Rasen verlegt. Zahlreiche Mythen ranken sich bis heute um das ber\u00fchmte Spiel und seine Helden.<\/p>\n\n\n\n<p>\u201eIt\u2019s All About Fish\u201c ist ein Filmportr\u00e4t \u00fcber ein modernes Fu\u00dfballm\u00e4rchen eingebettet in der atemberaubend sch\u00f6nen Inselwelt mitten im Nordatlantik. Minuti\u00f6s rekonstruiert der Film die bewegenden Ereignisse rund um das Spielergebnis, das ein ganzes Land pr\u00e4gen sollte und bis heute Wirkung hat. Es ist ein Film \u00fcber Fu\u00dfball, Unabh\u00e4ngigkeit, Schafe und nat\u00fcrlich \u00fcber Fisch.<\/p>\n\n\n\n<hr class=\"wp-block-separator\"\/>\n\n\n\n<p><strong>&#8220;It&#8217;s all about fish&#8221; &#8211; Dokumentation AT\/FO 2017, 70 min<\/strong><\/p>\n\n\n\n<p>Regie: Wolfgang Zechner<br>Kamera: Gerald Zagler, Marc Greber<br>Ton: Florian Reisinger<br>Schnitt: Cosimo Hlinicka<br>Produktion: Andreas Kous<\/p>\n\n\n\n<p><a href=\"http:\/\/www.itsallaboutfish.net\" target=\"_blank\" rel=\"noreferrer noopener\">www.itsallaboutfish.net<\/a><br><a rel=\"noreferrer noopener\" href=\"https:\/\/shop.falter.at\/its-all-about-fish.html\" target=\"_blank\">&#8220;It&#8217;s all about fish&#8221; &#8211; DVD im Falter-Shop<\/a><\/p>\n","protected":false},"excerpt":{"rendered":"<p>Als die F\u00e4r\u00f6er Inseln in einem legend\u00e4ren Fu\u00dfballl\u00e4nderspiel am 12. September 1990 die \u00f6sterreichische Nationalmannschaft mit 1:0 schlugen, fand sich das winzige Land im Nordatlantik in kollektivem Taumel wieder. Die Sensation war perfekt. Die Profis der \u00f6sterreichische Nationalmannschaft waren gegen eine bunte Truppe aus Amateuren, Taxifahrer, Fischer und Schafhirten, die in ihrer Freizeit Fu\u00dfball spielten, &hellip; <a href=\"http:\/\/geraldzagler.net\/?page_id=90\" class=\"more-link\">Continue reading<span class=\"screen-reader-text\"> &#8220;It&#8217;s All About Fish&#8221;<\/span><\/a><\/p>\n","protected":false},"author":1,"featured_media":0,"parent":0,"menu_order":0,"comment_status":"closed","ping_status":"closed","template":"","meta":{"footnotes":""},"_links":{"self":[{"href":"http:\/\/geraldzagler.net\/index.php?rest_route=\/wp\/v2\/pages\/90"}],"collection":[{"href":"http:\/\/geraldzagler.net\/index.php?rest_route=\/wp\/v2\/pages"}],"about":[{"href":"http:\/\/geraldzagler.net\/index.php?rest_route=\/wp\/v2\/types\/page"}],"author":[{"embeddable":true,"href":"http:\/\/geraldzagler.net\/index.php?rest_route=\/wp\/v2\/users\/1"}],"replies":[{"embeddable":true,"href":"http:\/\/geraldzagler.net\/index.php?rest_route=%2Fwp%2Fv2%2Fcomments&post=90"}],"version-history":[{"count":2,"href":"http:\/\/geraldzagler.net\/index.php?rest_route=\/wp\/v2\/pages\/90\/revisions"}],"predecessor-version":[{"id":95,"href":"http:\/\/geraldzagler.net\/index.php?rest_route=\/wp\/v2\/pages\/90\/revisions\/95"}],"wp:attachment":[{"href":"http:\/\/geraldzagler.net\/index.php?rest_route=%2Fwp%2Fv2%2Fmedia&parent=90"}],"curies":[{"name":"wp","href":"https:\/\/api.w.org\/{rel}","templated":true}]}}